{"id":75,"date":"2015-03-06T21:38:20","date_gmt":"2015-03-06T20:38:20","guid":{"rendered":"http:\/\/lucielaricq.franceimpro.net\/?page_id=75"},"modified":"2019-03-22T15:43:56","modified_gmt":"2019-03-22T14:43:56","slug":"sonorisation-2","status":"publish","type":"page","link":"https:\/\/lucielaricq.franceimpro.net\/?page_id=75","title":{"rendered":"Sonorisation"},"content":{"rendered":"<div>\n<p>Festival du collectif Umlaut (Paris)<\/p>\n<p>Sonorisation en tourn\u00e9e du groupe de maloya Lindigo<\/p>\n<p>Festival Les nuits d&rsquo;\u00e9t\u00e9 (Haute-Savoie) organis\u00e9 par le quatuor Bela<\/p>\n<p>Cr\u00e9ation sonore du spectacle musical \u00ab\u00a0D\u00e9vaste moi\u00a0\u00bb avec Emmanuelle Laborit<\/p>\n<p>Festival Hagenfesten (Dala-Floda, Su\u00e8de):\u00a0musiques traditionnelles su\u00e9doises, musique improvis\u00e9e, jazz contemporain, rock<\/p>\n<p>Olympic Caf\u00e9 (Paris 18\u00e8me):\u00a0musique africaine, jazz, rock<\/p>\n<p>Tourn\u00e9e avec la chanteuse Camille sur son spectacle \u00ab\u00a0God is sound\u00a0\u00bb<\/p>\n<p>Amplification de la chanteuse Emilie Lesbros pour son solo \u00ab\u00a0Attraction terrestre\u00a0\u00bb sous le label Full Rhizome<\/p>\n<p>Assistante son \u00e0 l&rsquo;Ircam pour la pi\u00e8ce de th\u00e9\u00e2tre musical \u00ab\u00a0Le p\u00e8re\u00a0\u00bb, texte de Heiner M\u00fcller, mise en sc\u00e8ne Andr\u00e9 Wilms,\u00a0compostion Michael Jarrel<\/p>\n<p>Mise en son \u00a0de\u00a0\u00ab\u00a0Trag\u00f4dia\u00a0\u00bb, solo de Marl\u00e8ne Rostaing (chor\u00e9graphie et danse) \u00a0(CND Orl\u00e9ans, Pronomades, sc\u00e8ne conventionn\u00e9e de Cognac, la Ferme du Buisson)<\/p>\n<p>Ing\u00e9nieure du son, informatique musicale et ateliers p\u00e9dagogiques pour le Moulin \u00e0 Ou\u00efr, dispositif \u00e9lectroacoustique interactif, projet de Denis Charolles (Campagnie des Musiques \u00e0 Ou\u00efr)<\/p>\n<p>Sonorisation et direction technique du festival Rhizomes, concerts en plein air dans les jardins du 18\u00e8me arrondissement \u00e0 Paris (association L&rsquo;Onde et Cyb\u00e8le)<\/p>\n<p>Amplification des concerts du festival La Voix est Libre au Bouffes du Nord (association Jazz Nomades L&rsquo;Onde est Cyb\u00e8le)<\/p>\n<p>Ing\u00e9nieure du son pour l&rsquo;op\u00e9ra \u00ab\u00a0Thanks to my eyes\u00a0\u00bb, texte et mise en sc\u00e8ne de Jo\u00ebl Pommerat, musique Oscar Bianchi<\/p>\n<\/div>\n","protected":false},"excerpt":{"rendered":"<p>Festival du collectif Umlaut (Paris) Sonorisation en tourn\u00e9e du groupe de maloya Lindigo Festival Les nuits d&rsquo;\u00e9t\u00e9 (Haute-Savoie) organis\u00e9 par le quatuor Bela Cr\u00e9ation sonore du spectacle musical \u00ab\u00a0D\u00e9vaste moi\u00a0\u00bb avec Emmanuelle Laborit Festival Hagenfesten (Dala-Floda, Su\u00e8de):\u00a0musiques traditionnelles su\u00e9doises, musique improvis\u00e9e, jazz contemporain, rock Olympic Caf\u00e9 (Paris 18\u00e8me):\u00a0musique africaine, jazz, rock Tourn\u00e9e avec la chanteuse &hellip; <a href=\"https:\/\/lucielaricq.franceimpro.net\/?page_id=75\" class=\"more-link\">Continuer la lecture<span class=\"screen-reader-text\"> de <span class=\"screen-reader-text\">Sonorisation<\/span><\/span>&nbsp;<span class=\"meta-nav\">&rarr;<\/span><\/a><\/p>\n","protected":false},"author":1,"featured_media":0,"parent":0,"menu_order":0,"comment_status":"closed","ping_status":"open","template":"","meta":{"footnotes":""},"class_list":["post-75","page","type-page","status-publish","hentry"],"_links":{"self":[{"href":"https:\/\/lucielaricq.franceimpro.net\/index.php?rest_route=\/wp\/v2\/pages\/75","targetHints":{"allow":["GET"]}}],"collection":[{"href":"https:\/\/lucielaricq.franceimpro.net\/index.php?rest_route=\/wp\/v2\/pages"}],"about":[{"href":"https:\/\/lucielaricq.franceimpro.net\/index.php?rest_route=\/wp\/v2\/types\/page"}],"author":[{"embeddable":true,"href":"https:\/\/lucielaricq.franceimpro.net\/index.php?rest_route=\/wp\/v2\/users\/1"}],"replies":[{"embeddable":true,"href":"https:\/\/lucielaricq.franceimpro.net\/index.php?rest_route=%2Fwp%2Fv2%2Fcomments&post=75"}],"version-history":[{"count":4,"href":"https:\/\/lucielaricq.franceimpro.net\/index.php?rest_route=\/wp\/v2\/pages\/75\/revisions"}],"predecessor-version":[{"id":902,"href":"https:\/\/lucielaricq.franceimpro.net\/index.php?rest_route=\/wp\/v2\/pages\/75\/revisions\/902"}],"wp:attachment":[{"href":"https:\/\/lucielaricq.franceimpro.net\/index.php?rest_route=%2Fwp%2Fv2%2Fmedia&parent=75"}],"curies":[{"name":"wp","href":"https:\/\/api.w.org\/{rel}","templated":true}]}}