{"id":660,"date":"2017-09-14T16:37:26","date_gmt":"2017-09-14T15:37:26","guid":{"rendered":"http:\/\/lucielaricq.franceimpro.net\/?page_id=660"},"modified":"2017-09-23T15:27:08","modified_gmt":"2017-09-23T14:27:08","slug":"discographie","status":"publish","type":"page","link":"https:\/\/lucielaricq.franceimpro.net\/?page_id=660","title":{"rendered":"Discographie"},"content":{"rendered":"<p style=\"text-align: center;\"><strong>COAX chante No\u00ebl (2011, <a href=\"http:\/\/collectifcoax.com\/www\/coaxrecords.html\" target=\"_blank\">Coax Records<\/a>)<\/strong><\/p>\n<p><a href=\"http:\/\/lucielaricq.franceimpro.net\/wp-content\/uploads\/2017\/09\/14_pastedGraphic.jpg\"><img loading=\"lazy\" decoding=\"async\" class=\"aligncenter wp-image-661 size-full\" src=\"http:\/\/lucielaricq.franceimpro.net\/wp-content\/uploads\/2017\/09\/14_pastedGraphic.jpg\" alt=\"14_pastedGraphic\" width=\"480\" height=\"489\" srcset=\"https:\/\/lucielaricq.franceimpro.net\/wp-content\/uploads\/2017\/09\/14_pastedGraphic.jpg 480w, https:\/\/lucielaricq.franceimpro.net\/wp-content\/uploads\/2017\/09\/14_pastedGraphic-294x300.jpg 294w\" sizes=\"auto, (max-width: 480px) 100vw, 480px\" \/><\/a><\/p>\n<p><a href=\"http:\/\/lucielaricq.franceimpro.net\/wp-content\/uploads\/2017\/09\/Noel-visuel-2.jpg\"><img loading=\"lazy\" decoding=\"async\" class=\"aligncenter wp-image-662 size-full\" src=\"http:\/\/lucielaricq.franceimpro.net\/wp-content\/uploads\/2017\/09\/Noel-visuel-2.jpg\" alt=\"Noel-visuel-2\" width=\"550\" height=\"435\" srcset=\"https:\/\/lucielaricq.franceimpro.net\/wp-content\/uploads\/2017\/09\/Noel-visuel-2.jpg 550w, https:\/\/lucielaricq.franceimpro.net\/wp-content\/uploads\/2017\/09\/Noel-visuel-2-300x237.jpg 300w\" sizes=\"auto, (max-width: 550px) 100vw, 550px\" \/><\/a><\/p>\n<p style=\"text-align: center;\"><strong>Po\u00e8mes enviolonn\u00e9s<\/strong> et <strong>Violonisations<\/strong> (double CD, <a href=\"http:\/\/www.collectifcoax.com\/-Label-\" target=\"_blank\">label COAX<\/a>, 2014)<\/p>\n<p style=\"text-align: center;\"><a href=\"http:\/\/lucielaricq.franceimpro.net\/wp-content\/uploads\/2017\/09\/a1810904247_10.jpg\"><img loading=\"lazy\" decoding=\"async\" class=\"aligncenter size-full wp-image-669\" src=\"http:\/\/lucielaricq.franceimpro.net\/wp-content\/uploads\/2017\/09\/a1810904247_10.jpg\" alt=\"a1810904247_10\" width=\"850\" height=\"705\" srcset=\"https:\/\/lucielaricq.franceimpro.net\/wp-content\/uploads\/2017\/09\/a1810904247_10.jpg 850w, https:\/\/lucielaricq.franceimpro.net\/wp-content\/uploads\/2017\/09\/a1810904247_10-300x249.jpg 300w, https:\/\/lucielaricq.franceimpro.net\/wp-content\/uploads\/2017\/09\/a1810904247_10-768x637.jpg 768w\" sizes=\"auto, (max-width: 850px) 100vw, 850px\" \/><\/a><\/p>\n<p style=\"text-align: center;\">\n<p style=\"text-align: center;\"><strong>H\u00d8ST&rsquo;CHESTRA \u00a0Doppler\u00a0(2017)<\/strong><\/p>\n<p style=\"text-align: center;\">page Facebook du quartet <a href=\"https:\/\/www.facebook.com\/hostquartet\/\" target=\"_blank\">H\u00d8ST<\/a><\/p>\n<p style=\"text-align: center;\"><a href=\"http:\/\/lucielaricq.franceimpro.net\/wp-content\/uploads\/2017\/09\/18582077_1604014406276741_1760966025026371947_n.jpg\"><img loading=\"lazy\" decoding=\"async\" class=\"aligncenter size-full wp-image-667\" src=\"http:\/\/lucielaricq.franceimpro.net\/wp-content\/uploads\/2017\/09\/18582077_1604014406276741_1760966025026371947_n.jpg\" alt=\"18582077_1604014406276741_1760966025026371947_n\" width=\"795\" height=\"795\" srcset=\"https:\/\/lucielaricq.franceimpro.net\/wp-content\/uploads\/2017\/09\/18582077_1604014406276741_1760966025026371947_n.jpg 795w, https:\/\/lucielaricq.franceimpro.net\/wp-content\/uploads\/2017\/09\/18582077_1604014406276741_1760966025026371947_n-150x150.jpg 150w, https:\/\/lucielaricq.franceimpro.net\/wp-content\/uploads\/2017\/09\/18582077_1604014406276741_1760966025026371947_n-300x300.jpg 300w, https:\/\/lucielaricq.franceimpro.net\/wp-content\/uploads\/2017\/09\/18582077_1604014406276741_1760966025026371947_n-768x768.jpg 768w\" sizes=\"auto, (max-width: 795px) 100vw, 795px\" \/><\/a><\/p>\n","protected":false},"excerpt":{"rendered":"<p>COAX chante No\u00ebl (2011, Coax Records) Po\u00e8mes enviolonn\u00e9s et Violonisations (double CD, label COAX, 2014) H\u00d8ST&rsquo;CHESTRA \u00a0Doppler\u00a0(2017) page Facebook du quartet H\u00d8ST<\/p>\n","protected":false},"author":1,"featured_media":0,"parent":0,"menu_order":0,"comment_status":"closed","ping_status":"closed","template":"","meta":{"footnotes":""},"class_list":["post-660","page","type-page","status-publish","hentry"],"_links":{"self":[{"href":"https:\/\/lucielaricq.franceimpro.net\/index.php?rest_route=\/wp\/v2\/pages\/660","targetHints":{"allow":["GET"]}}],"collection":[{"href":"https:\/\/lucielaricq.franceimpro.net\/index.php?rest_route=\/wp\/v2\/pages"}],"about":[{"href":"https:\/\/lucielaricq.franceimpro.net\/index.php?rest_route=\/wp\/v2\/types\/page"}],"author":[{"embeddable":true,"href":"https:\/\/lucielaricq.franceimpro.net\/index.php?rest_route=\/wp\/v2\/users\/1"}],"replies":[{"embeddable":true,"href":"https:\/\/lucielaricq.franceimpro.net\/index.php?rest_route=%2Fwp%2Fv2%2Fcomments&post=660"}],"version-history":[{"count":6,"href":"https:\/\/lucielaricq.franceimpro.net\/index.php?rest_route=\/wp\/v2\/pages\/660\/revisions"}],"predecessor-version":[{"id":672,"href":"https:\/\/lucielaricq.franceimpro.net\/index.php?rest_route=\/wp\/v2\/pages\/660\/revisions\/672"}],"wp:attachment":[{"href":"https:\/\/lucielaricq.franceimpro.net\/index.php?rest_route=%2Fwp%2Fv2%2Fmedia&parent=660"}],"curies":[{"name":"wp","href":"https:\/\/api.w.org\/{rel}","templated":true}]}}