{"id":593,"date":"2017-05-30T09:44:27","date_gmt":"2017-05-30T08:44:27","guid":{"rendered":"http:\/\/lucielaricq.franceimpro.net\/?page_id=593"},"modified":"2022-02-01T14:53:02","modified_gmt":"2022-02-01T13:53:02","slug":"lorchestre-debranche","status":"publish","type":"page","link":"https:\/\/lucielaricq.franceimpro.net\/?page_id=593","title":{"rendered":"Orchestre D\u00e9branch\u00e9"},"content":{"rendered":"<h2 style=\"text-align: center;\"><span style=\"color: #800080;\">Ni chef ni \u00e9lectricit\u00e9 !!<\/span><\/h2>\n<figure id=\"attachment_635\" aria-describedby=\"caption-attachment-635\" style=\"width: 3920px\" class=\"wp-caption aligncenter\"><a href=\"http:\/\/lucielaricq.franceimpro.net\/wp-content\/uploads\/2017\/05\/DSC_0004-1.jpg\"><img loading=\"lazy\" decoding=\"async\" class=\"wp-image-635 size-full\" src=\"http:\/\/lucielaricq.franceimpro.net\/wp-content\/uploads\/2017\/05\/DSC_0004-1.jpg\" alt=\"DSC_0004\" width=\"3920\" height=\"2204\" srcset=\"https:\/\/lucielaricq.franceimpro.net\/wp-content\/uploads\/2017\/05\/DSC_0004-1.jpg 3920w, https:\/\/lucielaricq.franceimpro.net\/wp-content\/uploads\/2017\/05\/DSC_0004-1-300x169.jpg 300w, https:\/\/lucielaricq.franceimpro.net\/wp-content\/uploads\/2017\/05\/DSC_0004-1-768x432.jpg 768w, https:\/\/lucielaricq.franceimpro.net\/wp-content\/uploads\/2017\/05\/DSC_0004-1-1024x576.jpg 1024w\" sizes=\"auto, (max-width: 3920px) 100vw, 3920px\" \/><\/a><figcaption id=\"caption-attachment-635\" class=\"wp-caption-text\">L&rsquo;un des orchestres d\u00e9branch\u00e9s le 24 juin 2017 dans une grande jardinade voisinade \u00e0 Toulouse !<\/figcaption><\/figure>\n<p>A chaque fois une dizaine de musiciens volontaires, qui peuvent participer sans condition de niveau technique, et d&rsquo;instruments acoustiques diff\u00e9rents, par exemple \u00a0violon, alto, violoncelle, contrebasse sans ampli, percussions, hautbois, basson, fl\u00fbte traversi\u00e8re, clarinette, cor, tuba, cornemuse, accord\u00e9on, voix&#8230; 2 r\u00e9p\u00e9titions durant lesquelles on se rencontre, on \u00e9coute, on essaie, on d\u00e9couvre, on propose, on d\u00e9cide ensemble, on construit, puis la restitution publique, on ne peut pas se tromper, tout est possible, on s&rsquo;amuse avant tout !!<\/p>\n<p>C&rsquo;est une pi\u00e8ce acoustique d&rsquo;environ 30 min compos\u00e9e d\u2019une suite de parties courtes encha\u00een\u00e9es, tant\u00f4t \u00e9crites (m\u00e9lodies atonales simples en contrepoint, une berceuse jou\u00e9es en canon puis chant\u00e9e,\u00a0une partie pop avec le kh\u00ean un orgue \u00e0 bouche ramen\u00e9\u00a0du Laos), tant\u00f4t improvis\u00e9es avec des consignes claires (impro\u00a0\u00ab\u00a0\u00a0souffles et frottements\u00a0\u00bb, impro jouets ou objets o\u00f9 on en distribue aussi au public, impro percus quelque soit l\u2019instrument\u2026)\u00a0Il y aussi une partie \u00ab\u00a0chuchocris\u00a0\u00bb o\u00f9 chacun choisit un texte qu\u2019il aime et le d\u00e9clame ou le chuchote \u00e0 l\u2019oreille d\u2019une personne du public<\/p>\n<p>Alors ce qui est bien c&rsquo;est qu&rsquo;on peut jouer partout y compris en plein air, vu qu&rsquo;on est d\u00e9branch\u00e9s et l\u00e9gers et mobiles, pas besoin d&rsquo;un sc\u00e8ne, on se balade souvent dans le public, et en plus les musiciens peuvent venir d&rsquo;horizons tr\u00e8s diff\u00e9rents, \u00e7a peut se passer dans plusieurs villes, villages, campagnes, ports, montagnes !<\/p>\n<p>Ont d\u00e9j\u00e0 particip\u00e9 : Delphine Joussein, Olivia Scemama, H\u00e9l\u00e8ne Sage, Walkind Rodriguez, Blanche Lafuente, Rapha\u00ebl Sibertin-Blanc, Agn\u00e8s Demeulenaere, Laurent Avizou&#8230;<\/p>\n<p>Extraits de la repr\u00e9sentation du 24 juin 2017 \u00e0 Toulouse<\/p>\n<p>Parties 1 et 2 : Accords al\u00e9atoires puis m\u00e9lodie atonale<\/p>\n<audio class=\"wp-audio-shortcode\" id=\"audio-593-1\" preload=\"none\" style=\"width: 100%;\" controls=\"controls\"><source type=\"audio\/mpeg\" src=\"http:\/\/lucielaricq.franceimpro.net\/wp-content\/uploads\/2017\/05\/parties-1-2.mp3?_=1\" \/><a href=\"http:\/\/lucielaricq.franceimpro.net\/wp-content\/uploads\/2017\/05\/parties-1-2.mp3\">http:\/\/lucielaricq.franceimpro.net\/wp-content\/uploads\/2017\/05\/parties-1-2.mp3<\/a><\/audio>\n<p>Partie 3 et 4 : Chuchocris puis free jazz noise acoustique<\/p>\n<audio class=\"wp-audio-shortcode\" id=\"audio-593-2\" preload=\"none\" style=\"width: 100%;\" controls=\"controls\"><source type=\"audio\/mpeg\" src=\"http:\/\/lucielaricq.franceimpro.net\/wp-content\/uploads\/2017\/05\/parties-3-4.mp3?_=2\" \/><a href=\"http:\/\/lucielaricq.franceimpro.net\/wp-content\/uploads\/2017\/05\/parties-3-4.mp3\">http:\/\/lucielaricq.franceimpro.net\/wp-content\/uploads\/2017\/05\/parties-3-4.mp3<\/a><\/audio>\n<p>Partie 5 et 6 : berceuse laotienne en canon puis impro jouets dans et avec le public<\/p>\n<audio class=\"wp-audio-shortcode\" id=\"audio-593-3\" preload=\"none\" style=\"width: 100%;\" controls=\"controls\"><source type=\"audio\/mpeg\" src=\"http:\/\/lucielaricq.franceimpro.net\/wp-content\/uploads\/2017\/05\/parties-5-6.mp3?_=3\" \/><a href=\"http:\/\/lucielaricq.franceimpro.net\/wp-content\/uploads\/2017\/05\/parties-5-6.mp3\">http:\/\/lucielaricq.franceimpro.net\/wp-content\/uploads\/2017\/05\/parties-5-6.mp3<\/a><\/audio>\n<p>Partie 8 et 9 : impro souffles et frottements puis kh\u00ean pop<\/p>\n<audio class=\"wp-audio-shortcode\" id=\"audio-593-4\" preload=\"none\" style=\"width: 100%;\" controls=\"controls\"><source type=\"audio\/mpeg\" src=\"http:\/\/lucielaricq.franceimpro.net\/wp-content\/uploads\/2017\/05\/fin.mp3?_=4\" \/><a href=\"http:\/\/lucielaricq.franceimpro.net\/wp-content\/uploads\/2017\/05\/fin.mp3\">http:\/\/lucielaricq.franceimpro.net\/wp-content\/uploads\/2017\/05\/fin.mp3<\/a><\/audio>\n<p>Versions pass\u00e9es :<\/p>\n<p>24 juin 2017 \u00e0 Toulouse<\/p>\n<p>ao\u00fbt 2017 \u00e0 Marseille et \u00e0 Auterive<\/p>\n<p>octobre 2017 \u00e0 Toulouse<\/p>\n<p>avril 2018 \u00e0 Tarbes<\/p>\n<p>d\u00e9cembre 2019 \u00e0 Toulouse<\/p>\n<p><a href=\"http:\/\/lucielaricq.franceimpro.net\/wp-content\/uploads\/2017\/05\/41039210_2254599027947269_2251301902421590016_o.jpg\"><img loading=\"lazy\" decoding=\"async\" class=\"aligncenter size-full wp-image-772\" src=\"http:\/\/lucielaricq.franceimpro.net\/wp-content\/uploads\/2017\/05\/41039210_2254599027947269_2251301902421590016_o.jpg\" alt=\"41039210_2254599027947269_2251301902421590016_o\" width=\"1944\" height=\"1296\" srcset=\"https:\/\/lucielaricq.franceimpro.net\/wp-content\/uploads\/2017\/05\/41039210_2254599027947269_2251301902421590016_o.jpg 1944w, https:\/\/lucielaricq.franceimpro.net\/wp-content\/uploads\/2017\/05\/41039210_2254599027947269_2251301902421590016_o-300x200.jpg 300w, https:\/\/lucielaricq.franceimpro.net\/wp-content\/uploads\/2017\/05\/41039210_2254599027947269_2251301902421590016_o-768x512.jpg 768w, https:\/\/lucielaricq.franceimpro.net\/wp-content\/uploads\/2017\/05\/41039210_2254599027947269_2251301902421590016_o-1024x683.jpg 1024w\" sizes=\"auto, (max-width: 1944px) 100vw, 1944px\" \/><\/a>Live au <a href=\"http:\/\/lapoutre.festival.free.fr\/2018\/\" target=\"_blank\" rel=\"noopener noreferrer\">festival La Poutre<\/a>, lieu-dit les Taillades, commune de Mauvaisin, Haute-Garonne, 24 ao\u00fbt 2018<\/p>\n<p><em>cr\u00e9dit photo : Aristide Saint-Jean<\/em><\/p>\n","protected":false},"excerpt":{"rendered":"<p>Ni chef ni \u00e9lectricit\u00e9 !! A chaque fois une dizaine de musiciens volontaires, qui peuvent participer sans condition de niveau technique, et d&rsquo;instruments acoustiques diff\u00e9rents, par exemple \u00a0violon, alto, violoncelle, contrebasse sans ampli, percussions, hautbois, basson, fl\u00fbte traversi\u00e8re, clarinette, cor, tuba, cornemuse, accord\u00e9on, voix&#8230; 2 r\u00e9p\u00e9titions durant lesquelles on se rencontre, on \u00e9coute, on essaie, &hellip; <a href=\"https:\/\/lucielaricq.franceimpro.net\/?page_id=593\" class=\"more-link\">Continuer la lecture<span class=\"screen-reader-text\"> de <span class=\"screen-reader-text\">Orchestre D\u00e9branch\u00e9<\/span><\/span>&nbsp;<span class=\"meta-nav\">&rarr;<\/span><\/a><\/p>\n","protected":false},"author":1,"featured_media":0,"parent":0,"menu_order":0,"comment_status":"closed","ping_status":"closed","template":"","meta":{"footnotes":""},"class_list":["post-593","page","type-page","status-publish","hentry"],"_links":{"self":[{"href":"https:\/\/lucielaricq.franceimpro.net\/index.php?rest_route=\/wp\/v2\/pages\/593","targetHints":{"allow":["GET"]}}],"collection":[{"href":"https:\/\/lucielaricq.franceimpro.net\/index.php?rest_route=\/wp\/v2\/pages"}],"about":[{"href":"https:\/\/lucielaricq.franceimpro.net\/index.php?rest_route=\/wp\/v2\/types\/page"}],"author":[{"embeddable":true,"href":"https:\/\/lucielaricq.franceimpro.net\/index.php?rest_route=\/wp\/v2\/users\/1"}],"replies":[{"embeddable":true,"href":"https:\/\/lucielaricq.franceimpro.net\/index.php?rest_route=%2Fwp%2Fv2%2Fcomments&post=593"}],"version-history":[{"count":24,"href":"https:\/\/lucielaricq.franceimpro.net\/index.php?rest_route=\/wp\/v2\/pages\/593\/revisions"}],"predecessor-version":[{"id":1066,"href":"https:\/\/lucielaricq.franceimpro.net\/index.php?rest_route=\/wp\/v2\/pages\/593\/revisions\/1066"}],"wp:attachment":[{"href":"https:\/\/lucielaricq.franceimpro.net\/index.php?rest_route=%2Fwp%2Fv2%2Fmedia&parent=593"}],"curies":[{"name":"wp","href":"https:\/\/api.w.org\/{rel}","templated":true}]}}