{"id":319,"date":"2015-12-12T12:04:46","date_gmt":"2015-12-12T11:04:46","guid":{"rendered":"http:\/\/lucielaricq.franceimpro.net\/?page_id=319"},"modified":"2026-02-27T22:32:29","modified_gmt":"2026-02-27T21:32:29","slug":"poemes-enviolonnes-2","status":"publish","type":"page","link":"https:\/\/lucielaricq.franceimpro.net\/?page_id=319","title":{"rendered":"Po\u00e8mes enviolonn\u00e9s"},"content":{"rendered":"\n<p class=\"has-text-align-center\">lien vers la bande-annonce (courte vid\u00e9o avec des extraits du spectacle) : <\/p>\n\n\n\n<p class=\"has-text-align-center\"><a href=\"https:\/\/vimeo.com\/1106551172\">https:\/\/vimeo.com\/1106551172<\/a><\/p>\n\n\n<p style=\"text-align: center;\">lien vers la page bandcamp :<\/p>\n<p style=\"text-align: center;\">\u00a0<a href=\"https:\/\/collectifcoax.bandcamp.com\/album\/po-mes-enviolonn-s-et-violonisations\" target=\"_blank\" rel=\"noopener noreferrer\">https:\/\/collectifcoax.bandcamp.com\/album\/po-mes-enviolonn-s-et-violonisations<\/a><\/p>\n<p><a href=\"http:\/\/lucielaricq.franceimpro.net\/wp-content\/uploads\/2015\/03\/duo-luci-walkind.jpg\"><img loading=\"lazy\" decoding=\"async\" class=\"aligncenter size-full wp-image-151\" src=\"http:\/\/lucielaricq.franceimpro.net\/wp-content\/uploads\/2015\/03\/duo-luci-walkind.jpg\" alt=\"duo luci walkind\" width=\"1504\" height=\"1000\" srcset=\"https:\/\/lucielaricq.franceimpro.net\/wp-content\/uploads\/2015\/03\/duo-luci-walkind.jpg 1504w, https:\/\/lucielaricq.franceimpro.net\/wp-content\/uploads\/2015\/03\/duo-luci-walkind-300x199.jpg 300w, https:\/\/lucielaricq.franceimpro.net\/wp-content\/uploads\/2015\/03\/duo-luci-walkind-1024x681.jpg 1024w\" sizes=\"auto, (max-width: 1504px) 100vw, 1504px\" \/><\/a><\/p>\n<p style=\"text-align: justify;\">Voyage dans mon univers int\u00e9rieur \u00e0 travers des po\u00e9sies crues et douces am\u00e8res, \u00e0 l&rsquo;unisson ou en d\u00e9calage avec des lignes musicales riches et intenses.<\/p>\n<p style=\"text-align: justify;\">Palette d&rsquo;\u00e9motions brutes, exprim\u00e9es par des cordes vocales et m\u00e9talliques, permettant de suspendre le temps, d&rsquo;ext\u00e9rioriser un d\u00e9go\u00fbt refoul\u00e9, de d\u00e9noncer l&rsquo;insupportable tragi-com\u00e9die de la vie, tant\u00f4t chuchot\u00e9, \u00e0 demi mots et pianissimo, tant\u00f4t cri\u00e9, satur\u00e9, \u00e9cras\u00e9, \u00e0 l&rsquo;extr\u00eame des possibilit\u00e9s des instruments.<\/p>\n<p style=\"text-align: justify;\">Ce n&rsquo;est pas pour autant explicitement pessimiste, mais dans une abstraite douceur, on se laisse embarquer au gr\u00e9 des images aux sens multiples, offrant \u00e0 chaque oreille et sensibilit\u00e9 le soin d&rsquo;y comprendre et entendre l&rsquo;\u00e9cho de sa propre exp\u00e9rience, forc\u00e9ment unique et donc extraordinaire.<\/p>\n<p style=\"text-align: justify;\">R\u00e9ellement v\u00e9cus et profond\u00e9ment ressentis, ou bien alors purement imagin\u00e9s, hallucin\u00e9s, r\u00eav\u00e9s? Peu importe si les textes disent la v\u00e9rit\u00e9, l&rsquo;essentiel est de toucher le fond des coeurs et des \u00e2mes, d&rsquo;\u00e9baucher l&rsquo;id\u00e9e de tant d&rsquo;autres pens\u00e9es possibles, d&rsquo;ouvrir une br\u00e8che dans le tout format\u00e9, en toute sinc\u00e9rit\u00e9.<\/p>\n<p style=\"text-align: justify;\">Je cherche \u00e0 susciter ces moments magiques o\u00f9 spectateurs comme acteurs se retrouvent dans un sentiment commun de planer, le souffle coup\u00e9, enivr\u00e9s par la musique cr\u00e9\u00e9e par la conjugaison des mots, des sons, et du silence, l&rsquo;esprit d\u00e9connect\u00e9 de la r\u00e9alit\u00e9 de la soci\u00e9t\u00e9.<\/p>\n<p style=\"text-align: justify;\">Tentatives d&rsquo;humanit\u00e9, Bouche b\u00e9e, La rue-foss\u00e9, Blues d\u00e9gueulasse, Quoi faire, Poison, sont autant de r\u00e9voltes que de caresses, d&rsquo;hommages vibrants aux grands artistes anarchistes et non align\u00e9s, s&rsquo;inspirant de recherches non conformistes et avant gardistes, qui r\u00e9sonnent comme une critique passionn\u00e9e de la vision anthropocentrique du monde autoproclam\u00e9 civilis\u00e9.<\/p>\n<p style=\"text-align: justify;\">Au rythme souvent hach\u00e9 ces courts po\u00e8mes sont con\u00e7us tels des vanit\u00e9s, ce style de tableaux mettant en exergue d&rsquo;une fa\u00e7on tr\u00e8s crue et tendre la petitesse, le caract\u00e8re \u00e9ph\u00e9m\u00e8re de la vie humaine, malgr\u00e9 les ambitions parfois surdimensionn\u00e9es, et les chef d&rsquo;oeuvres que nous sommes capables d&rsquo;accomplir.<\/p>\n<p style=\"text-align: justify;\">Ce moment privil\u00e9gi\u00e9 d&rsquo;expression libre et abstraite permet \u00e9galement d&rsquo;appr\u00e9cier en parall\u00e8le les beaut\u00e9s, les plaisirs, les richesses infinies de la vie, et de crier sur tous les toits un amour immense pour l&rsquo;humain et son potentiel cr\u00e9atif \u00e9blouissant.<\/p>\n<p style=\"text-align: justify;\">Parmi les artistes qui m&rsquo;influencent et me touchent beaucoup on trouve p\u00eale-m\u00eale Brigitte Fontaine, Iva Bittova, Mama B\u00e9a Tekielski, Georges Bataille, Boris Vian, Jacques Pr\u00e9vert, Charles Pennequin, Giacinto Scelsi, Gyorgy Ligeti, John Cage, Alban Berg, David Lynch, Niki de St Phalle, Radiohead&#8230;<\/p>\n<p style=\"text-align: justify;\"><span style=\"color: #ff00ff;\">T\u00e9l\u00e9charger le <a style=\"color: #ff00ff;\" href=\"http:\/\/lucielaricq.franceimpro.net\/wp-content\/uploads\/2015\/03\/COMMUNIQUE-DE-PRESSE_POEMES-ENVIOLONNES.pdf\">COMMUNIQU\u00c9 DE PRESSE<\/a><\/span><\/p>\n<p style=\"text-align: justify;\"><strong>Po\u00e8mes enviolonn\u00e9s<\/strong><\/p>\n<p style=\"text-align: justify;\">Rouge<\/p>\n<audio class=\"wp-audio-shortcode\" id=\"audio-319-1\" preload=\"none\" style=\"width: 100%;\" controls=\"controls\"><source type=\"audio\/mpeg\" src=\"http:\/\/lucielaricq.franceimpro.net\/wp-content\/uploads\/2015\/03\/rouge-master.mp3?_=1\" \/><a href=\"http:\/\/lucielaricq.franceimpro.net\/wp-content\/uploads\/2015\/03\/rouge-master.mp3\">http:\/\/lucielaricq.franceimpro.net\/wp-content\/uploads\/2015\/03\/rouge-master.mp3<\/a><\/audio>\n<p>Blues d\u00e9gueulasse<\/p>\n<audio class=\"wp-audio-shortcode\" id=\"audio-319-2\" preload=\"none\" style=\"width: 100%;\" controls=\"controls\"><source type=\"audio\/mpeg\" src=\"http:\/\/lucielaricq.franceimpro.net\/wp-content\/uploads\/2015\/03\/blues-d\u00e9g-master.mp3?_=2\" \/><a href=\"http:\/\/lucielaricq.franceimpro.net\/wp-content\/uploads\/2015\/03\/blues-d\u00e9g-master.mp3\">http:\/\/lucielaricq.franceimpro.net\/wp-content\/uploads\/2015\/03\/blues-d\u00e9g-master.mp3<\/a><\/audio>\n<p>Poison<\/p>\n<audio class=\"wp-audio-shortcode\" id=\"audio-319-3\" preload=\"none\" style=\"width: 100%;\" controls=\"controls\"><source type=\"audio\/mpeg\" src=\"http:\/\/lucielaricq.franceimpro.net\/wp-content\/uploads\/2015\/03\/poison-version-d\u00e9f.mp3?_=3\" \/><a href=\"http:\/\/lucielaricq.franceimpro.net\/wp-content\/uploads\/2015\/03\/poison-version-d\u00e9f.mp3\">http:\/\/lucielaricq.franceimpro.net\/wp-content\/uploads\/2015\/03\/poison-version-d\u00e9f.mp3<\/a><\/audio>\n<p class=\"wpview-selection-before\">","protected":false},"excerpt":{"rendered":"<p>lien vers la bande-annonce (courte vid\u00e9o avec des extraits du spectacle) : https:\/\/vimeo.com\/1106551172 lien vers la page bandcamp : \u00a0https:\/\/collectifcoax.bandcamp.com\/album\/po-mes-enviolonn-s-et-violonisations Voyage dans mon univers int\u00e9rieur \u00e0 travers des po\u00e9sies crues et douces am\u00e8res, \u00e0 l&rsquo;unisson ou en d\u00e9calage avec des lignes musicales riches et intenses. Palette d&rsquo;\u00e9motions brutes, exprim\u00e9es par des cordes vocales et m\u00e9talliques, &hellip; <a href=\"https:\/\/lucielaricq.franceimpro.net\/?page_id=319\" class=\"more-link\">Continuer la lecture<span class=\"screen-reader-text\"> de <span class=\"screen-reader-text\">Po\u00e8mes enviolonn\u00e9s<\/span><\/span>&nbsp;<span class=\"meta-nav\">&rarr;<\/span><\/a><\/p>\n","protected":false},"author":1,"featured_media":0,"parent":0,"menu_order":0,"comment_status":"closed","ping_status":"closed","template":"","meta":{"footnotes":""},"class_list":["post-319","page","type-page","status-publish","hentry"],"_links":{"self":[{"href":"https:\/\/lucielaricq.franceimpro.net\/index.php?rest_route=\/wp\/v2\/pages\/319","targetHints":{"allow":["GET"]}}],"collection":[{"href":"https:\/\/lucielaricq.franceimpro.net\/index.php?rest_route=\/wp\/v2\/pages"}],"about":[{"href":"https:\/\/lucielaricq.franceimpro.net\/index.php?rest_route=\/wp\/v2\/types\/page"}],"author":[{"embeddable":true,"href":"https:\/\/lucielaricq.franceimpro.net\/index.php?rest_route=\/wp\/v2\/users\/1"}],"replies":[{"embeddable":true,"href":"https:\/\/lucielaricq.franceimpro.net\/index.php?rest_route=%2Fwp%2Fv2%2Fcomments&post=319"}],"version-history":[{"count":13,"href":"https:\/\/lucielaricq.franceimpro.net\/index.php?rest_route=\/wp\/v2\/pages\/319\/revisions"}],"predecessor-version":[{"id":1106,"href":"https:\/\/lucielaricq.franceimpro.net\/index.php?rest_route=\/wp\/v2\/pages\/319\/revisions\/1106"}],"wp:attachment":[{"href":"https:\/\/lucielaricq.franceimpro.net\/index.php?rest_route=%2Fwp%2Fv2%2Fmedia&parent=319"}],"curies":[{"name":"wp","href":"https:\/\/api.w.org\/{rel}","templated":true}]}}