{"id":182,"date":"2015-05-12T13:51:09","date_gmt":"2015-05-12T12:51:09","guid":{"rendered":"http:\/\/lucielaricq.franceimpro.net\/?page_id=182"},"modified":"2021-01-11T09:55:14","modified_gmt":"2021-01-11T08:55:14","slug":"solo-violonisations","status":"publish","type":"page","link":"https:\/\/lucielaricq.franceimpro.net\/?page_id=182","title":{"rendered":"Violonisations"},"content":{"rendered":"<p style=\"text-align: center;\">\u00a0lien vers la page bandcamp :<\/p>\n<p style=\"text-align: center;\">\u00a0<a href=\"https:\/\/collectifcoax.bandcamp.com\/album\/po-mes-enviolonn-s-et-violonisations\" target=\"_blank\" rel=\"noopener noreferrer\">https:\/\/collectifcoax.bandcamp.com\/album\/po-mes-enviolonn-s-et-violonisations<\/a><\/p>\n<p><span style=\"font-family: Trebuchet MS,sans-serif;\">Le disque solo <\/span><span style=\"color: #339966;\"><span style=\"font-family: Trebuchet MS,sans-serif;\"><i>Violonisations<\/i><\/span><\/span><i> <\/i><span style=\"font-family: Trebuchet MS,sans-serif;\">est le fruit d&rsquo;une recherche conjugu\u00e9e sur les possibilit\u00e9s sonores de l&rsquo;instrument et sur la pratique de l&rsquo;improvisation, particuli\u00e8rement sur la forme. <\/span><\/p>\n<p><span style=\"font-family: Trebuchet MS,sans-serif;\">Le violon, anim\u00e9 d&rsquo;une \u00e9nergie brute peu commune pour son usage traditionnel, produit des sons inattendus avec les harmoniques, les battements entre deux fr\u00e9quences tr\u00e8s proches, les cordes satur\u00e9es, les r\u00e9sonances naturelles des cordes \u00e0 vide, le bois de l&rsquo;archet et de la table d&rsquo;harmonie, etc.. <\/span><\/p>\n<p><span style=\"font-family: Trebuchet MS,sans-serif;\">Il s&rsquo;agit donc \u00e9galement d&rsquo;un manifeste sonore pour l&rsquo;extension \u00e0 360\u00b0 de la notion de beaut\u00e9 et d&rsquo;expressivit\u00e9 associ\u00e9e au violon, lourd du poids de son pass\u00e9 dans la musique classique tonale.<\/span><\/p>\n<p>Impro #1<\/p>\n<audio class=\"wp-audio-shortcode\" id=\"audio-182-1\" preload=\"none\" style=\"width: 100%;\" controls=\"controls\"><source type=\"audio\/mpeg\" src=\"http:\/\/lucielaricq.franceimpro.net\/wp-content\/uploads\/2015\/03\/impro-5.mp3?_=1\" \/><a href=\"http:\/\/lucielaricq.franceimpro.net\/wp-content\/uploads\/2015\/03\/impro-5.mp3\">http:\/\/lucielaricq.franceimpro.net\/wp-content\/uploads\/2015\/03\/impro-5.mp3<\/a><\/audio>\n<p>Impro #2<\/p>\n<audio class=\"wp-audio-shortcode\" id=\"audio-182-2\" preload=\"none\" style=\"width: 100%;\" controls=\"controls\"><source type=\"audio\/mpeg\" src=\"http:\/\/lucielaricq.franceimpro.net\/wp-content\/uploads\/2015\/03\/impro-3.mp3?_=2\" \/><a href=\"http:\/\/lucielaricq.franceimpro.net\/wp-content\/uploads\/2015\/03\/impro-3.mp3\">http:\/\/lucielaricq.franceimpro.net\/wp-content\/uploads\/2015\/03\/impro-3.mp3<\/a><\/audio>\n","protected":false},"excerpt":{"rendered":"<p>\u00a0lien vers la page bandcamp : \u00a0https:\/\/collectifcoax.bandcamp.com\/album\/po-mes-enviolonn-s-et-violonisations Le disque solo Violonisations est le fruit d&rsquo;une recherche conjugu\u00e9e sur les possibilit\u00e9s sonores de l&rsquo;instrument et sur la pratique de l&rsquo;improvisation, particuli\u00e8rement sur la forme. Le violon, anim\u00e9 d&rsquo;une \u00e9nergie brute peu commune pour son usage traditionnel, produit des sons inattendus avec les harmoniques, les battements entre &hellip; <a href=\"https:\/\/lucielaricq.franceimpro.net\/?page_id=182\" class=\"more-link\">Continuer la lecture<span class=\"screen-reader-text\"> de <span class=\"screen-reader-text\">Violonisations<\/span><\/span>&nbsp;<span class=\"meta-nav\">&rarr;<\/span><\/a><\/p>\n","protected":false},"author":1,"featured_media":0,"parent":0,"menu_order":0,"comment_status":"closed","ping_status":"closed","template":"","meta":{"footnotes":""},"class_list":["post-182","page","type-page","status-publish","hentry"],"_links":{"self":[{"href":"https:\/\/lucielaricq.franceimpro.net\/index.php?rest_route=\/wp\/v2\/pages\/182","targetHints":{"allow":["GET"]}}],"collection":[{"href":"https:\/\/lucielaricq.franceimpro.net\/index.php?rest_route=\/wp\/v2\/pages"}],"about":[{"href":"https:\/\/lucielaricq.franceimpro.net\/index.php?rest_route=\/wp\/v2\/types\/page"}],"author":[{"embeddable":true,"href":"https:\/\/lucielaricq.franceimpro.net\/index.php?rest_route=\/wp\/v2\/users\/1"}],"replies":[{"embeddable":true,"href":"https:\/\/lucielaricq.franceimpro.net\/index.php?rest_route=%2Fwp%2Fv2%2Fcomments&post=182"}],"version-history":[{"count":8,"href":"https:\/\/lucielaricq.franceimpro.net\/index.php?rest_route=\/wp\/v2\/pages\/182\/revisions"}],"predecessor-version":[{"id":992,"href":"https:\/\/lucielaricq.franceimpro.net\/index.php?rest_route=\/wp\/v2\/pages\/182\/revisions\/992"}],"wp:attachment":[{"href":"https:\/\/lucielaricq.franceimpro.net\/index.php?rest_route=%2Fwp%2Fv2%2Fmedia&parent=182"}],"curies":[{"name":"wp","href":"https:\/\/api.w.org\/{rel}","templated":true}]}}